{"id":182,"date":"2022-04-07T09:07:12","date_gmt":"2022-04-07T07:07:12","guid":{"rendered":"https:\/\/www.vermessung-zthr.de\/content\/?page_id=182"},"modified":"2025-11-28T08:35:32","modified_gmt":"2025-11-28T07:35:32","slug":"edv","status":"publish","type":"page","link":"https:\/\/www.vermessung-zthr.de\/content\/edv\/","title":{"rendered":"EDV"},"content":{"rendered":"\n<div id=\"section-gbaa965\" class=\"wp-block-gutentor-e6 section-gbaa965 gutentor-element gutentor-element-image\"><div class=\"gutentor-element-image-box\"><div class=\"gutentor-bg-image\"><\/div><\/div><\/div>\n\n\n\n<section id=\"gm84c407a\" class=\"wp-block-gutentor-m4 section-gm84c407a gutentor-module gutentor-advanced-columns has-image-bg has-custom-bg\"><div class=\"grid-container\"><div class=\"grid-row\">\n<div id=\"col-gm10d190\" class=\"wp-block-gutentor-m4-col col-gm10d190 gutentor-single-column  grid-lg-12 grid-md-12 grid-12\"><div id=\"section-gm10d190\" class=\"section-gm10d190 gutentor-col-wrap\">\n<div id=\"section-gdc5f0d\" class=\"wp-block-gutentor-e1 section-gdc5f0d gutentor-element gutentor-element-advanced-text\"><div class=\"gutentor-text-wrap\"><h2 class=\"gutentor-text\">EDV spielt eine wichtige Rolle<\/h2><\/div><\/div>\n\n\n\n<section id=\"g-lilirxz\" class=\"wp-block-gutentor-m4 section-g-lilirxz gutentor-module gutentor-advanced-columns\"><div class=\"grid-container\"><div class=\"grid-row\">\n<div id=\"col-g-hlkgnxw\" class=\"wp-block-gutentor-m4-col col-g-hlkgnxw gutentor-single-column  grid-lg-6 grid-md-12 grid-12\"><div id=\"section-g-hlkgnxw\" class=\"section-g-hlkgnxw gutentor-col-wrap\">\n<div id=\"section-gaa9083\" class=\"wp-block-gutentor-e1 section-gaa9083 gutentor-element gutentor-element-advanced-text\"><div class=\"gutentor-text-wrap\"><p class=\"gutentor-text\">Unsere CAD-Abteilung fertigt f\u00fcr Sie Pl\u00e4ne f\u00fcr zahlreiche Verwendungszwecke an.<br><br>Neben Bestandspl\u00e4nen mit beliebiger Informationsdichte werden Lagepl\u00e4ne\/ Amtliche Lagepl\u00e4ne zum Baugesuch, Vorhaben- und Erschlie\u00dfungspl\u00e4ne, Bebauungspl\u00e4ne, Pl\u00e4ne zum Geb\u00e4udeinnenaufma\u00df sowie Detailpl\u00e4ne z. B. f\u00fcr Industrieanlagen erstellt.<\/p><\/div><\/div>\n\n\n\n<div id=\"section-g8a1a7a\" class=\"wp-block-gutentor-e1 section-g8a1a7a gutentor-element gutentor-element-advanced-text\"><div class=\"gutentor-text-wrap\"><p class=\"gutentor-text\">Wir verf\u00fcgen \u00fcber ein EDV-Netzwerk in dem jeder Mitarbeiter von seiner Workstation aus Zugriff zu B\u00fcroverwaltungs- und Textverarbeitungsprogrammen hat. <\/p><\/div><\/div>\n<\/div><\/div>\n\n\n\n<div id=\"col-g-8cqcq70\" class=\"wp-block-gutentor-m4-col col-g-8cqcq70 gutentor-single-column  grid-lg-6 grid-md-12 grid-12\"><div id=\"section-g-8cqcq70\" class=\"section-g-8cqcq70 gutentor-col-wrap\">\n<div id=\"section-g-gaxin7l\" class=\"wp-block-gutentor-e1 section-g-gaxin7l gutentor-element gutentor-element-advanced-text\"><div class=\"gutentor-text-wrap\"><p class=\"gutentor-text\">Von s\u00e4mtlichen Arbeitspl\u00e4tzen aus ist der Zugriff auf unser CAD-und GIS-System GEOGRAF m\u00f6glich. Es k\u00f6nnen sowohl Vektor- als auch TIFF-Daten verarbeitet werden.<br><br>H\u00f6chste Datenkompatibilit\u00e4t erreichen wir durch die st\u00e4ndige Pflege unserer Schnittstellen zu den meisten CAD- und Geoinformationssystemen der Beh\u00f6rden sowie diverser Architektur- und Ingenieurb\u00fcros.<br><br>Folgende Schnittstellen werden von uns bedient: GEOGRAF, DAVID, AutoCAD, DWG, DXF, EDBS, ALK-GIAP, PDF und SICAD<\/p><\/div><\/div>\n<\/div><\/div>\n<\/div><\/div><\/section>\n<\/div><\/div>\n<\/div><\/div><\/section>\n","protected":false},"excerpt":{"rendered":"","protected":false},"author":1,"featured_media":0,"parent":0,"menu_order":0,"comment_status":"closed","ping_status":"closed","template":"template-gutentor-full-width.php","meta":{"footnotes":""},"class_list":["post-182","page","type-page","status-publish","hentry"],"_links":{"self":[{"href":"https:\/\/www.vermessung-zthr.de\/content\/wp-json\/wp\/v2\/pages\/182","targetHints":{"allow":["GET"]}}],"collection":[{"href":"https:\/\/www.vermessung-zthr.de\/content\/wp-json\/wp\/v2\/pages"}],"about":[{"href":"https:\/\/www.vermessung-zthr.de\/content\/wp-json\/wp\/v2\/types\/page"}],"author":[{"embeddable":true,"href":"https:\/\/www.vermessung-zthr.de\/content\/wp-json\/wp\/v2\/users\/1"}],"replies":[{"embeddable":true,"href":"https:\/\/www.vermessung-zthr.de\/content\/wp-json\/wp\/v2\/comments?post=182"}],"version-history":[{"count":9,"href":"https:\/\/www.vermessung-zthr.de\/content\/wp-json\/wp\/v2\/pages\/182\/revisions"}],"predecessor-version":[{"id":378,"href":"https:\/\/www.vermessung-zthr.de\/content\/wp-json\/wp\/v2\/pages\/182\/revisions\/378"}],"wp:attachment":[{"href":"https:\/\/www.vermessung-zthr.de\/content\/wp-json\/wp\/v2\/media?parent=182"}],"curies":[{"name":"wp","href":"https:\/\/api.w.org\/{rel}","templated":true}]}}