{"id":185,"date":"2022-04-07T10:58:22","date_gmt":"2022-04-07T08:58:22","guid":{"rendered":"https:\/\/www.vermessung-zthr.de\/content\/?page_id=185"},"modified":"2026-03-31T10:53:55","modified_gmt":"2026-03-31T08:53:55","slug":"impressum","status":"publish","type":"page","link":"https:\/\/www.vermessung-zthr.de\/content\/impressum\/","title":{"rendered":"Impressum"},"content":{"rendered":"\n<div id=\"section-ga6493c\" class=\"wp-block-gutentor-e6 section-ga6493c gutentor-element gutentor-element-image\"><div class=\"gutentor-element-image-box\"><div class=\"gutentor-bg-image\"><\/div><\/div><\/div>\n\n\n\n<section id=\"gm0f4cae9\" class=\"wp-block-gutentor-m4 section-gm0f4cae9 gutentor-module gutentor-advanced-columns has-image-bg has-custom-bg\"><div class=\"grid-container\"><div class=\"grid-row\">\n<div id=\"col-gmea2d0c\" class=\"wp-block-gutentor-m4-col col-gmea2d0c gutentor-single-column  grid-lg-12 grid-md-12 grid-12\"><div id=\"section-gmea2d0c\" class=\"section-gmea2d0c gutentor-col-wrap\">\n<div id=\"section-gfac525\" class=\"wp-block-gutentor-e1 section-gfac525 gutentor-element gutentor-element-advanced-text\"><div class=\"gutentor-text-wrap\"><h2 class=\"gutentor-text\">Impressum<\/h2><\/div><\/div>\n\n\n\n<div id=\"section-g8b5bc0\" class=\"wp-block-gutentor-e1 section-g8b5bc0 gutentor-element gutentor-element-advanced-text\"><div class=\"gutentor-text-wrap\"><p class=\"gutentor-text\">Angaben gem\u00e4\u00df \u00a75 Digitale-Dienste-Gesetz (DDG), Stand Januar 2026:<\/p><\/div><\/div>\n\n\n\n<div id=\"section-ga4df94\" class=\"wp-block-gutentor-e1 section-ga4df94 gutentor-element gutentor-element-advanced-text\"><div class=\"gutentor-text-wrap\"><h4 class=\"gutentor-text\">Dipl.-Ing. Stefan Hartmann und Dipl.-Ing. Thomas Ruhe<br>\u00d6ffentlich bestellte Vermessungsingenieure (\u00d6bVI)<\/h4><\/div><\/div>\n<\/div><\/div>\n<\/div><\/div><\/section>\n\n\n\n<section id=\"gme9f3675\" class=\"wp-block-gutentor-m4 section-gme9f3675 gutentor-module gutentor-advanced-columns\"><div class=\"grid-container\"><div class=\"grid-row\">\n<div id=\"col-gm813454\" class=\"wp-block-gutentor-m4-col col-gm813454 gutentor-single-column  grid-lg-12 grid-md-12 grid-12\"><div id=\"section-gm813454\" class=\"section-gm813454 gutentor-col-wrap\">\n<div id=\"section-g1a9c9b\" class=\"wp-block-gutentor-e1 section-g1a9c9b gutentor-element gutentor-element-advanced-text\"><div class=\"gutentor-text-wrap\"><p class=\"gutentor-text\">Hauptstra\u00dfe 171A<br>51503 R\u00f6srath<br>Telefon: +49 (0) 2205\/9264-0<br>Telefax: +49 (0) 2205\/9264-50<br>E-Mail: <a href=\"mailto:info@vermessung-zthr.de\">info<\/a>@vermessung-zthr.de<br><br><strong>Berufsbezeichnung und Kammerzugeh\u00f6rigkeit:<\/strong><br>\u00d6ffentlich bestellte Vermessungsingenieure (\u00d6bVI) Dipl.-Ing. Stefan Hartmann und Dipl.-Ing. Thomas Ruhe<br>Mitglieder im Bund der \u00d6ffentlich bestellten Vermessungsingenieure (BDVI), Luisenstra\u00dfe 46, 10117 Berlin<br>Pflichtmitglieder in der Ingenieurkammer Bau NRW (IKBAU NRW), Zollhof 2, 40221 D\u00fcsseldorf<br><br><strong><mark style=\"background-color:rgba(0, 0, 0, 0)\" class=\"has-inline-color has-black-color\">Zust\u00e4ndige Aufsichtsb<\/mark>e<mark style=\"background-color:rgba(0, 0, 0, 0)\" class=\"has-inline-color has-black-color\">h\u00f6rde:<\/mark><\/strong><br>F\u00fcr den Bereich des amtlichen Vermessungs- und Geoinformationswesens: Bezirksregierung K\u00f6ln, Dez. 31 &#8211; Kommunalaufsicht, Katasterwesen, 50606 K\u00f6ln<br>F\u00fcr Leistungen nach HOAI und Sachverst\u00e4ndigent\u00e4tigkeit: Ingenieurkammer-Bau Nordrhein-Westfalen, Zollhof 2, 40221 D\u00fcsseldorf<br><br><strong>Berufshaftpflichtversicherung:<\/strong><br>AXA Versicherung AG, Postfach 920148, 51151 K\u00f6ln<br><br><strong>Berufliche Regelung:<\/strong><br>Gesetz \u00fcber die \u00d6ffentlich bestellten Vermessungsingenieurinnen und -ingenieure in NRW (\u00d6bVIG NRW) vom 01.04.2014<br>(GV. NRW S.253 &#8211; 266) (www.recht.nrw.de) BauKaG NRW (www.ikbaunrw.de)<br><br><strong>Information nach dem Verbraucherstreitbeilegungsgesetz:<\/strong><br>Gem. \u00a7 36 Verbraucherstreitbeilegungsgesetz (VSBG) weisen wir darauf hin, dass wir nicht an einem Streitbeilegungsverfahren vor einer Verbraucherschlichtungsstelle teilnehmen und dazu auch nicht verpflichtet sind.<br><br><strong>Haftungshinweise:<\/strong><br>Haftung f\u00fcr Inhalte (Disclaimer)<br>Die bereitgestellten Informationen auf dieser Website wurden sorgf\u00e4ltig gepr\u00fcft und werden regelm\u00e4\u00dfig aktualisiert. Jedoch kann keine Haftung oder Garantie daf\u00fcr \u00fcbernommen werden, dass alle Angaben zu jeder Zeit vollst\u00e4ndig, richtig und in letzter Aktualit\u00e4t dargestellt sind. Dies gilt insbesondere f\u00fcr alle Links zu anderen Websites, auf die direkt oder indirekt verwiesen wird.Alle Angaben k\u00f6nnen ohne vorherige Ank\u00fcndigung ge\u00e4ndert, entfernt oder erg\u00e4nzt werden. Weder die Ver\u00f6ffentlichung noch ihr Inhalt d\u00fcrfen ohne die vorherige ausdr\u00fcckliche<br>Genehmigung der \u00d6bVI Hartmann und Ruhe auf irgendeine Art ver\u00e4ndert oder an Dritte verteilt oder \u00fcbermittelt werden.<br><br><strong>Haftung f\u00fcr E-Mails:<\/strong><br>An unsere Website versendete E-Mails entfalten keine fristwahrende Wirkung. Wir weisen darauf hin, dass der Versand von E-Mails \u00fcber das Internet mit Unsicherheiten versehen ist und zu Datenmissbrauch f\u00fchren kann.<br><br><strong>Copyright:<\/strong><br>Alle Rechte am Layout der Website und an den Inhalten der Website bleiben vorbehalten.<\/p><\/div><\/div>\n<\/div><\/div>\n<\/div><\/div><\/section>\n","protected":false},"excerpt":{"rendered":"","protected":false},"author":1,"featured_media":0,"parent":0,"menu_order":0,"comment_status":"closed","ping_status":"closed","template":"template-gutentor-full-width.php","meta":{"footnotes":""},"class_list":["post-185","page","type-page","status-publish","hentry"],"_links":{"self":[{"href":"https:\/\/www.vermessung-zthr.de\/content\/wp-json\/wp\/v2\/pages\/185","targetHints":{"allow":["GET"]}}],"collection":[{"href":"https:\/\/www.vermessung-zthr.de\/content\/wp-json\/wp\/v2\/pages"}],"about":[{"href":"https:\/\/www.vermessung-zthr.de\/content\/wp-json\/wp\/v2\/types\/page"}],"author":[{"embeddable":true,"href":"https:\/\/www.vermessung-zthr.de\/content\/wp-json\/wp\/v2\/users\/1"}],"replies":[{"embeddable":true,"href":"https:\/\/www.vermessung-zthr.de\/content\/wp-json\/wp\/v2\/comments?post=185"}],"version-history":[{"count":7,"href":"https:\/\/www.vermessung-zthr.de\/content\/wp-json\/wp\/v2\/pages\/185\/revisions"}],"predecessor-version":[{"id":403,"href":"https:\/\/www.vermessung-zthr.de\/content\/wp-json\/wp\/v2\/pages\/185\/revisions\/403"}],"wp:attachment":[{"href":"https:\/\/www.vermessung-zthr.de\/content\/wp-json\/wp\/v2\/media?parent=185"}],"curies":[{"name":"wp","href":"https:\/\/api.w.org\/{rel}","templated":true}]}}