{"id":188,"date":"2022-04-07T11:03:02","date_gmt":"2022-04-07T09:03:02","guid":{"rendered":"https:\/\/www.vermessung-zthr.de\/content\/?page_id=188"},"modified":"2026-03-31T10:53:07","modified_gmt":"2026-03-31T08:53:07","slug":"datenschutz","status":"publish","type":"page","link":"https:\/\/www.vermessung-zthr.de\/content\/datenschutz\/","title":{"rendered":"Datenschutz"},"content":{"rendered":"\n<div id=\"section-ga45361\" class=\"wp-block-gutentor-e6 section-ga45361 gutentor-element gutentor-element-image\"><div class=\"gutentor-element-image-box\"><div class=\"gutentor-bg-image\"><\/div><\/div><\/div>\n\n\n\n<section id=\"gm1d2217d\" class=\"wp-block-gutentor-m4 section-gm1d2217d gutentor-module gutentor-advanced-columns has-image-bg has-custom-bg\"><div class=\"grid-container\"><div class=\"grid-row\">\n<div id=\"col-gm4a22ef\" class=\"wp-block-gutentor-m4-col col-gm4a22ef gutentor-single-column  grid-lg-12 grid-md-12 grid-12\"><div id=\"section-gm4a22ef\" class=\"section-gm4a22ef gutentor-col-wrap\">\n<div id=\"section-g806e4a\" class=\"wp-block-gutentor-e1 section-g806e4a gutentor-element gutentor-element-advanced-text\"><div class=\"gutentor-text-wrap\"><h2 class=\"gutentor-text\">Datenschutz<\/h2><\/div><\/div>\n\n\n\n<div id=\"section-gb9f984\" class=\"wp-block-gutentor-e1 section-gb9f984 gutentor-element gutentor-element-advanced-text\"><div class=\"gutentor-text-wrap\"><p class=\"gutentor-text\">Wir nehmen den Schutz Ihrer pers\u00f6nlichen Daten sehr ernst und halten uns strikt an die Regeln des Deutschen Bundesdatenschutzgesetzes und der Datenschutz Grundverordnung (DSGVO-EU). Die nachfolgende Erkl\u00e4rung gibt Ihnen einen \u00dcberblick dar\u00fcber, wie wir diesen Schutz gew\u00e4hrleisten und welche Art von Daten zu welchem Zweck erhoben werden.<br><br><strong>1. Name und Kontaktdaten des f\u00fcr die Datenverarbeitung Verantwortlichen<\/strong><br>Verantwortlicher: \u00d6bVI Dipl.-Ing. S. Hartmann und Dipl.-Ing. T. Ruhe<br>Hauptstra\u00dfe 171A, 51503 R\u00f6srath Telefon: +49 (0) 2205\/9264-0 Telefax: +49 (0) 2205\/9264-50<br>Betriebliche Datenschutzbeauftragte: Anka Ruhe<\/p><\/div><\/div>\n<\/div><\/div>\n<\/div><\/div><\/section>\n\n\n\n<section id=\"gm4d7fa46\" class=\"wp-block-gutentor-m4 section-gm4d7fa46 gutentor-module gutentor-advanced-columns\"><div class=\"grid-container\"><div class=\"grid-row\">\n<div id=\"col-gm7d3f56\" class=\"wp-block-gutentor-m4-col col-gm7d3f56 gutentor-single-column  grid-lg-12 grid-md-12 grid-12\"><div id=\"section-gm7d3f56\" class=\"section-gm7d3f56 gutentor-col-wrap\">\n<div id=\"section-gf704f0\" class=\"wp-block-gutentor-e1 section-gf704f0 gutentor-element gutentor-element-advanced-text\"><div class=\"gutentor-text-wrap\"><p class=\"gutentor-text\"><strong>2. Erhebung und Speicherung personenbezogener Daten sowie Art und Zweck von deren Verwendung beim Besuch der Website<\/strong><br><br><strong>a) Daten\u00fcbermittlung\/Datenprotokollierung<\/strong><br>Beim Aufrufen der Website www.vermessung-zthr.de werden durch den auf Ihrem Endger\u00e4t zum Einsatz kommenden Internet-Browser automatisch Informationen an den Server unserer Website gesendet. Diese Informationen werden tempor\u00e4r in einer Protokolldatei, einem sogenannten Logfile gespeichert.<br><br>Folgende Informationen werden dabei ohne Ihr Zutun erfasst und bis zur automatisierten L\u00f6schung gespeichert:<\/p><\/div><\/div>\n\n\n\n<div id=\"section-g053a7d\" class=\"wp-block-gutentor-e7 section-g053a7d gutentor-element gutentor-element-list\"><ul class=\"grid-row gutentor-grid-item-wrap list-indicator-icon\"><li class=\"gutentor-list-item grid-lg-12 grid-md-12 grid-12\"><span class=\"gutentor-single-item gutentor-single-item-0\"><span class=\"gutentor-list-item-wrap g-s-list-wrap\"><span class=\"gutentor-single-list-item-icon\"><i class=\"list-item-icon fas fa-arrow-right\"><\/i><\/span><span class=\"gutentor-list-item\"><p class=\"gutentor-single-item-title\">Besuchte WebsiteIP-Adresse Ihres Endger\u00e4tes<\/p><\/span><\/span><\/span><\/li><li class=\"gutentor-list-item grid-lg-12 grid-md-12 grid-12\"><span class=\"gutentor-single-item gutentor-single-item-1\"><span class=\"gutentor-list-item-wrap g-s-list-wrap\"><span class=\"gutentor-single-list-item-icon\"><i class=\"list-item-icon fas fa-arrow-right\"><\/i><\/span><span class=\"gutentor-list-item\"><p class=\"gutentor-single-item-title\">Datum und Uhrzeit des Zugriffs<\/p><\/span><\/span><\/span><\/li><li class=\"gutentor-list-item grid-lg-12 grid-md-12 grid-12\"><span class=\"gutentor-single-item gutentor-single-item-2\"><span class=\"gutentor-list-item-wrap g-s-list-wrap\"><span class=\"gutentor-single-list-item-icon\"><i class=\"list-item-icon fas fa-arrow-right\"><\/i><\/span><span class=\"gutentor-list-item\"><p class=\"gutentor-single-item-title\">Name und URL der von Ihnen aufgerufenen Seite oder Datei<\/p><\/span><\/span><\/span><\/li><li class=\"gutentor-list-item grid-lg-12 grid-md-12 grid-12\"><span class=\"gutentor-single-item gutentor-single-item-3\"><span class=\"gutentor-list-item-wrap g-s-list-wrap\"><span class=\"gutentor-single-list-item-icon\"><i class=\"list-item-icon fas fa-arrow-right\"><\/i><\/span><span class=\"gutentor-list-item\"><p class=\"gutentor-single-item-title\">Website, von der aus Sie zu unserer Website gelangt sind (Referrer-URL)<\/p><\/span><\/span><\/span><\/li><li class=\"gutentor-list-item grid-lg-12 grid-md-12 grid-12\"><span class=\"gutentor-single-item gutentor-single-item-4\"><span class=\"gutentor-list-item-wrap g-s-list-wrap\"><span class=\"gutentor-single-list-item-icon\"><i class=\"list-item-icon fas fa-arrow-right\"><\/i><\/span><span class=\"gutentor-list-item\"><p class=\"gutentor-single-item-title\">Verwendeter Browser und ggf. das Betriebssystem Ihres Endger\u00e4tes sowie der Name Ihres Access-Providers<\/p><\/span><\/span><\/span><\/li><li class=\"gutentor-list-item grid-lg-12 grid-md-12 grid-12\"><span class=\"gutentor-single-item gutentor-single-item-5\"><span class=\"gutentor-list-item-wrap g-s-list-wrap\"><span class=\"gutentor-single-list-item-icon\"><i class=\"list-item-icon fas fa-arrow-right\"><\/i><\/span><span class=\"gutentor-list-item\"><p class=\"gutentor-single-item-title\">Besuchte Website<\/p><\/span><\/span><\/span><\/li><\/ul><\/div>\n\n\n\n<div id=\"section-g7996a6\" class=\"wp-block-gutentor-e1 section-g7996a6 gutentor-element gutentor-element-advanced-text\"><div class=\"gutentor-text-wrap\"><p class=\"gutentor-text\">Die Rechtsgrundlage f\u00fcr die Verarbeitung dieser personenbezogenen Daten ist Art. 6 Abs. 1S. 1 lit. f DSGVO. Die erfassten Daten werden durch uns nur zum Zweck der statistischen Auswertung gesammelt.<br><br><strong>b) Nutzung\/Weitergabe pers\u00f6nlicher Daten<\/strong><br>Pers\u00f6nliche Daten werden \u00fcber die Internetseite nicht erhoben oder verarbeitet. Nur wenn Sie diesen Angaben freiwillig, z.B. im Rahmen einer schriftlichen Anfrage mitteilen, werden Diese gespeichert. In keinem Fall werden die dann erhobenen Daten zu dem Zweck verwendet, R\u00fcckschl\u00fcsse auf Ihre Person zu ziehen. Eine Weitergabe an Dritte, zu kommerziellen oder nicht kommerziellen Zwecken, findet nicht statt.<br><br>Eine Ausnahme kann sich nur ergeben, wenn:<br>Sie Ihre nach Art. 6 Abs. 1 S. 1 lit. a DSGVO ausdr\u00fcckliche Einwilligung dazu erteilt haben<br>f\u00fcr die Weitergabe nach Art. 6 Abs. 1 S. 1 lit. c DSGVO eine gesetzliche Verpflichtung besteht, sowie<br>die Weitergabe gesetzlich zul\u00e4ssig und nach Art. 6 Abs. 1 lit. b DSGVO f\u00fcr die Abwicklung von Vertragsverh\u00e4ltnissen mit Ihnen erforderlich ist<br><br><strong>c) Sicherheit Ihrer Daten<\/strong><br>Ihre uns zur Verf\u00fcgung gestellten pers\u00f6nlichen Daten werden durch Ergreifung aller technischen sowie organisatorischen Sicherheitsma\u00dfnahmen so gesichert, dass sie f\u00fcr den Zugriff unberechtigter Dritter unzug\u00e4nglich sind. Bei Versendung von sehr sensiblen Daten oder Informationen ist es empfehlenswert, den Postweg zu nutzen, da eine vollst\u00e4ndige Datensicherheit per E-Mail nicht gew\u00e4hrleistet werden kann.<br><br><strong>d) Recht auf Auskunft, L\u00f6schung und Sperrung Ihrer Daten<\/strong><br>Sie haben jederzeit das Recht auf unentgeltliche Auskunft \u00fcber Ihre gespeicherten personenbezogenen Daten, deren Herkunft und Empf\u00e4nger und den Zweck der Datenverarbeitung sowie ein Recht auf Berichtigung, Sperrung oder L\u00f6schung dieser Daten. Hierzu sowie zu weiteren Fragen zum Thema personenbezogene Daten k\u00f6nnen Sie sich jederzeit unter der im Impressum angegebenen Adresse an uns wenden.<br><br>Sofern Ihre personenbezogenen Daten auf Grundlage von berechtigten Interessen gem\u00e4\u00df Art. 6 Abs. 1 S. 1 lit. f DSGVO verarbeitet werden, haben Sie das Recht, gem\u00e4\u00df Art. 21 DSGVO Widerspruch gegen die Verarbeitung Ihrer personenbezogenen Daten einzulegen, soweit daf\u00fcr Gr\u00fcnde vorliegen, die sich aus Ihrer besonderen Situation ergeben oder sich der Widerspruch gegen Direktwerbung richtet. Im letzteren Fall haben Sie ein generelles Widerspruchsrecht, das ohne Angabe einer besonderen Situation von uns umgesetzt wird.<br><br>M\u00f6chten Sie von Ihrem Widerrufs- und Widerspruchsrecht Gebrauch machen, gen\u00fcgt eine E-Mail an datenschutz@vermessung-zthr.de.<br><br><strong>3. Aktualit\u00e4t und \u00c4nderung dieser Datenschutzerkl\u00e4rung<\/strong><br>Diese Datenschutzerk\u00e4rung ist aktuell g\u00fcltig und hat den Stand Januar 2026.<br><br>Wir behalten uns vor, diese Datenschutzerkl\u00e4rung zu gegebener Zeit zu \u00e4ndern, um den Datenschutz zu verbessern oder diese an \u00c4nderungen der Rechtsprechung bzw. Beh\u00f6rdenpraxis anzupassen.<br>Bei Fragen zu diesen Datenschutzbestimmungen wenden Sie sich bitte \u00fcber unsere Kontakt-Adresse an uns: datenschutz@vermessung-zthr.de<\/p><\/div><\/div>\n<\/div><\/div>\n<\/div><\/div><\/section>\n\n\n\n<p><\/p>\n","protected":false},"excerpt":{"rendered":"","protected":false},"author":1,"featured_media":0,"parent":0,"menu_order":0,"comment_status":"closed","ping_status":"closed","template":"template-gutentor-full-width.php","meta":{"footnotes":""},"class_list":["post-188","page","type-page","status-publish","hentry"],"_links":{"self":[{"href":"https:\/\/www.vermessung-zthr.de\/content\/wp-json\/wp\/v2\/pages\/188","targetHints":{"allow":["GET"]}}],"collection":[{"href":"https:\/\/www.vermessung-zthr.de\/content\/wp-json\/wp\/v2\/pages"}],"about":[{"href":"https:\/\/www.vermessung-zthr.de\/content\/wp-json\/wp\/v2\/types\/page"}],"author":[{"embeddable":true,"href":"https:\/\/www.vermessung-zthr.de\/content\/wp-json\/wp\/v2\/users\/1"}],"replies":[{"embeddable":true,"href":"https:\/\/www.vermessung-zthr.de\/content\/wp-json\/wp\/v2\/comments?post=188"}],"version-history":[{"count":8,"href":"https:\/\/www.vermessung-zthr.de\/content\/wp-json\/wp\/v2\/pages\/188\/revisions"}],"predecessor-version":[{"id":402,"href":"https:\/\/www.vermessung-zthr.de\/content\/wp-json\/wp\/v2\/pages\/188\/revisions\/402"}],"wp:attachment":[{"href":"https:\/\/www.vermessung-zthr.de\/content\/wp-json\/wp\/v2\/media?parent=188"}],"curies":[{"name":"wp","href":"https:\/\/api.w.org\/{rel}","templated":true}]}}