{"id":248,"date":"2022-04-21T11:25:06","date_gmt":"2022-04-21T09:25:06","guid":{"rendered":"https:\/\/www.vermessung-zthr.de\/content\/?page_id=248"},"modified":"2026-03-10T10:32:41","modified_gmt":"2026-03-10T09:32:41","slug":"stellenangebote","status":"publish","type":"page","link":"https:\/\/www.vermessung-zthr.de\/content\/stellenangebote\/","title":{"rendered":"Stellenangebote"},"content":{"rendered":"\n<div id=\"section-geeda20\" class=\"wp-block-gutentor-e6 section-geeda20 gutentor-element gutentor-element-image\"><div class=\"gutentor-element-image-box\"><div class=\"gutentor-bg-image\"><\/div><\/div><\/div>\n\n\n\n<section id=\"gm8c0922c\" class=\"wp-block-gutentor-m4 section-gm8c0922c gutentor-module gutentor-advanced-columns has-image-bg has-custom-bg\"><div class=\"grid-container\"><div class=\"grid-row\">\n<div id=\"col-gm85f949\" class=\"wp-block-gutentor-m4-col col-gm85f949 gutentor-single-column  grid-lg-12 grid-md-12 grid-12\"><div id=\"section-gm85f949\" class=\"section-gm85f949 gutentor-col-wrap\">\n<div id=\"section-g3413e9\" class=\"wp-block-gutentor-e1 section-g3413e9 gutentor-element gutentor-element-advanced-text\"><div class=\"gutentor-text-wrap\"><h2 class=\"gutentor-text\"> Stellenangebot Vermessungsgehilfe \/-in (m\/w\/d)<\/h2><\/div><\/div>\n\n\n\n<div id=\"section-g461758\" class=\"wp-block-gutentor-e1 section-g461758 gutentor-element gutentor-element-advanced-text\"><div class=\"gutentor-text-wrap\"><p class=\"gutentor-text\">Zum 01.04.2026 suchen wir ein neues Teammitglied f\u00fcr den Au\u00dfendienst in Voll- oder Teilzeit (30 &#8211; 40 Wochenarbeitsstunden). Sie unterst\u00fctzen unseren Au\u00dfendienst bei allen zu erledigenden Vermessungsarbeiten und erledigen auch kleinere Arbeiten im Innendienst (\u00dcbertragen der Messdaten u.a.). <strong>Auch Quereinstieg m\u00f6glich!<\/strong> Wir freuen uns \u00fcber Ihre Bewerbung unter info@vermessung-zthr.de.<\/p><\/div><\/div>\n<\/div><\/div>\n<\/div><\/div><\/section>\n","protected":false},"excerpt":{"rendered":"","protected":false},"author":1,"featured_media":0,"parent":0,"menu_order":0,"comment_status":"closed","ping_status":"closed","template":"template-gutentor-full-width.php","meta":{"footnotes":""},"class_list":["post-248","page","type-page","status-publish","hentry"],"_links":{"self":[{"href":"https:\/\/www.vermessung-zthr.de\/content\/wp-json\/wp\/v2\/pages\/248","targetHints":{"allow":["GET"]}}],"collection":[{"href":"https:\/\/www.vermessung-zthr.de\/content\/wp-json\/wp\/v2\/pages"}],"about":[{"href":"https:\/\/www.vermessung-zthr.de\/content\/wp-json\/wp\/v2\/types\/page"}],"author":[{"embeddable":true,"href":"https:\/\/www.vermessung-zthr.de\/content\/wp-json\/wp\/v2\/users\/1"}],"replies":[{"embeddable":true,"href":"https:\/\/www.vermessung-zthr.de\/content\/wp-json\/wp\/v2\/comments?post=248"}],"version-history":[{"count":11,"href":"https:\/\/www.vermessung-zthr.de\/content\/wp-json\/wp\/v2\/pages\/248\/revisions"}],"predecessor-version":[{"id":400,"href":"https:\/\/www.vermessung-zthr.de\/content\/wp-json\/wp\/v2\/pages\/248\/revisions\/400"}],"wp:attachment":[{"href":"https:\/\/www.vermessung-zthr.de\/content\/wp-json\/wp\/v2\/media?parent=248"}],"curies":[{"name":"wp","href":"https:\/\/api.w.org\/{rel}","templated":true}]}}