{"id":44,"date":"2019-10-31T09:51:28","date_gmt":"2019-10-31T09:51:28","guid":{"rendered":"https:\/\/www.demo.cosmoswp.com\/demo-9\/?page_id=54"},"modified":"2025-11-28T10:26:04","modified_gmt":"2025-11-28T09:26:04","slug":"karriere","status":"publish","type":"page","link":"https:\/\/www.vermessung-zthr.de\/content\/karriere\/","title":{"rendered":"Ausbildung"},"content":{"rendered":"\n<div id=\"section-g4a09e2\" class=\"wp-block-gutentor-e6 section-g4a09e2 gutentor-element gutentor-element-image\"><div class=\"gutentor-element-image-box\"><div class=\"gutentor-bg-image\"><\/div><\/div><\/div>\n\n\n\n<section id=\"gm7c7a5ca\" class=\"wp-block-gutentor-m4 section-gm7c7a5ca gutentor-module gutentor-advanced-columns has-image-bg has-custom-bg\"><div class=\"grid-container\"><div class=\"grid-row\">\n<div id=\"col-gmb63e71\" class=\"wp-block-gutentor-m4-col col-gmb63e71 gutentor-single-column  grid-lg-12 grid-md-12 grid-12\"><div id=\"section-gmb63e71\" class=\"section-gmb63e71 gutentor-col-wrap\">\n<div id=\"section-gcb418e\" class=\"wp-block-gutentor-e1 section-gcb418e gutentor-element gutentor-element-advanced-text\"><div class=\"gutentor-text-wrap\"><h2 class=\"gutentor-text\">In diesem Jahr bieten wir leider keine Ausbildungspl\u00e4tze an.<\/h2><\/div><\/div>\n\n\n\n<div id=\"section-g889e62\" class=\"wp-block-gutentor-e1 section-g889e62 gutentor-element gutentor-element-advanced-text\"><div class=\"gutentor-text-wrap\"><p class=\"gutentor-text\"><strong><mark style=\"background-color:rgba(0, 0, 0, 0);color:#ff6900\" class=\"has-inline-color\"><br><\/mark><\/strong><\/p><\/div><\/div>\n\n\n\n<div id=\"section-ge3dff5\" class=\"wp-block-gutentor-e1 section-ge3dff5 gutentor-element gutentor-element-advanced-text\"><div class=\"gutentor-text-wrap\"><h4 class=\"gutentor-text\">Bewerber sollten<\/h4><\/div><\/div>\n\n\n\n<div id=\"section-g23814d\" class=\"wp-block-gutentor-e7 section-g23814d gutentor-element gutentor-element-list\"><ul class=\"grid-row gutentor-grid-item-wrap list-indicator-icon\"><li class=\"gutentor-list-item grid-lg-12 grid-md-12 grid-12\"><span class=\"gutentor-single-item gutentor-single-item-0\"><span class=\"gutentor-list-item-wrap g-s-list-wrap\"><span class=\"gutentor-single-list-item-icon\"><i class=\"list-item-icon fas fa-arrow-right\"><\/i><\/span><span class=\"gutentor-list-item\"><p class=\"gutentor-single-item-title\">ein gutes mathematisches Verst\u00e4ndnis und r\u00e4umliches Vorstellungsverm\u00f6gen besitzen<\/p><\/span><\/span><\/span><\/li><li class=\"gutentor-list-item grid-lg-12 grid-md-12 grid-12\"><span class=\"gutentor-single-item gutentor-single-item-1\"><span class=\"gutentor-list-item-wrap g-s-list-wrap\"><span class=\"gutentor-single-list-item-icon\"><i class=\"list-item-icon fas fa-arrow-right\"><\/i><\/span><span class=\"gutentor-list-item\"><p class=\"gutentor-single-item-title\">Spa\u00df an der Arbeit mit modernen Informations- und Kommunikationstechniken haben<\/p><\/span><\/span><\/span><\/li><li class=\"gutentor-list-item grid-lg-12 grid-md-12 grid-12\"><span class=\"gutentor-single-item gutentor-single-item-2\"><span class=\"gutentor-list-item-wrap g-s-list-wrap\"><span class=\"gutentor-single-list-item-icon\"><i class=\"list-item-icon fas fa-arrow-right\"><\/i><\/span><span class=\"gutentor-list-item\"><p class=\"gutentor-single-item-title\">keine Angst vor juristischen Texten haben<\/p><\/span><\/span><\/span><\/li><li class=\"gutentor-list-item grid-lg-12 grid-md-12 grid-12\"><span class=\"gutentor-single-item gutentor-single-item-3\"><span class=\"gutentor-list-item-wrap g-s-list-wrap\"><span class=\"gutentor-single-list-item-icon\"><i class=\"list-item-icon fas fa-arrow-right\"><\/i><\/span><span class=\"gutentor-list-item\"><p class=\"gutentor-single-item-title\">verantwortungsbewusst und sorgf\u00e4ltig arbeiten k\u00f6nnen<\/p><\/span><\/span><\/span><\/li><li class=\"gutentor-list-item grid-lg-12 grid-md-12 grid-12\"><span class=\"gutentor-single-item gutentor-single-item-4\"><span class=\"gutentor-list-item-wrap g-s-list-wrap\"><span class=\"gutentor-single-list-item-icon\"><i class=\"list-item-icon fas fa-arrow-right\"><\/i><\/span><span class=\"gutentor-list-item\"><p class=\"gutentor-single-item-title\">k\u00f6rperlich fit sein und Spa\u00df an der Arbeit in frischer Luft haben<\/p><\/span><\/span><\/span><\/li><\/ul><\/div>\n\n\n\n<div id=\"section-g204e1d\" class=\"wp-block-gutentor-e1 section-g204e1d gutentor-element gutentor-element-advanced-text\"><div class=\"gutentor-text-wrap\"><p class=\"gutentor-text\"><strong>Einstellungsvoraussetzungen<\/strong> daf\u00fcr sind die <strong>Fachoberschulreife (Mittlere Reife)<\/strong>, ein pers\u00f6nliches Gespr\u00e4ch sowie ein Eignungstest in unserem Hause, in dem mathematisches Grundwissen, Allgemeinbildung und evtl. zeichnerische F\u00e4higkeiten dargelegt werden sollen.<\/p><\/div><\/div>\n\n\n\n<div id=\"section-g07b115\" class=\"wp-block-gutentor-e1 section-g07b115 gutentor-element gutentor-element-advanced-text\"><div class=\"gutentor-text-wrap\"><p class=\"gutentor-text\"><strong>Die Ausbildung endet nach drei Jahren mit bestandener Abschlusspr\u00fcfung.<\/strong><\/p><\/div><\/div>\n\n\n\n<div id=\"section-ge6a026\" class=\"wp-block-gutentor-e1 section-ge6a026 gutentor-element gutentor-element-advanced-text\"><div class=\"gutentor-text-wrap\"><p class=\"gutentor-text\"><strong>Nach bestandener Abschlusspr\u00fcfung bestehen Einstellungsm\u00f6glichkeiten<\/strong><\/p><\/div><\/div>\n\n\n\n<div id=\"section-gc9b7e8\" class=\"wp-block-gutentor-e7 section-gc9b7e8 gutentor-element gutentor-element-list\"><ul class=\"grid-row gutentor-grid-item-wrap list-indicator-icon\"><li class=\"gutentor-list-item grid-lg-12 grid-md-12 grid-12\"><span class=\"gutentor-single-item gutentor-single-item-0\"><span class=\"gutentor-list-item-wrap g-s-list-wrap\"><span class=\"gutentor-single-list-item-icon\"><i class=\"list-item-icon fas fa-arrow-right\"><\/i><\/span><span class=\"gutentor-list-item\"><p class=\"gutentor-single-item-title\">bei st\u00e4dtischen und staatlichen Vermessungs\u00e4mtern<\/p><\/span><\/span><\/span><\/li><li class=\"gutentor-list-item grid-lg-12 grid-md-12 grid-12\"><span class=\"gutentor-single-item gutentor-single-item-1\"><span class=\"gutentor-list-item-wrap g-s-list-wrap\"><span class=\"gutentor-single-list-item-icon\"><i class=\"list-item-icon fas fa-arrow-right\"><\/i><\/span><span class=\"gutentor-list-item\"><p class=\"gutentor-single-item-title\">bei \u00d6ffentlich bestellten Vermessungsingenieuren<\/p><\/span><\/span><\/span><\/li><li class=\"gutentor-list-item grid-lg-12 grid-md-12 grid-12\"><span class=\"gutentor-single-item gutentor-single-item-2\"><span class=\"gutentor-list-item-wrap g-s-list-wrap\"><span class=\"gutentor-single-list-item-icon\"><i class=\"list-item-icon fas fa-arrow-right\"><\/i><\/span><span class=\"gutentor-list-item\"><p class=\"gutentor-single-item-title\">bei Ingenieurb\u00fcros<\/p><\/span><\/span><\/span><\/li><li class=\"gutentor-list-item grid-lg-12 grid-md-12 grid-12\"><span class=\"gutentor-single-item gutentor-single-item-3\"><span class=\"gutentor-list-item-wrap g-s-list-wrap\"><span class=\"gutentor-single-list-item-icon\"><i class=\"list-item-icon fas fa-arrow-right\"><\/i><\/span><span class=\"gutentor-list-item\"><p class=\"gutentor-single-item-title\">bei \u00c4mtern f\u00fcr Agrarordnung<br>oder bei Vermessungs- und Liegenschaftsabteilungen gro\u00dfer Industrie- und Dienstleistungsunternehmen, z. B. Ver- und Entsorgungsunternehmen, Verkehrsunternehmen, usw.<\/p><\/span><\/span><\/span><\/li><\/ul><\/div>\n<\/div><\/div>\n<\/div><\/div><\/section>\n","protected":false},"excerpt":{"rendered":"","protected":false},"author":1,"featured_media":0,"parent":0,"menu_order":0,"comment_status":"closed","ping_status":"closed","template":"template-gutentor-full-width.php","meta":{"footnotes":""},"class_list":["post-44","page","type-page","status-publish","hentry"],"_links":{"self":[{"href":"https:\/\/www.vermessung-zthr.de\/content\/wp-json\/wp\/v2\/pages\/44","targetHints":{"allow":["GET"]}}],"collection":[{"href":"https:\/\/www.vermessung-zthr.de\/content\/wp-json\/wp\/v2\/pages"}],"about":[{"href":"https:\/\/www.vermessung-zthr.de\/content\/wp-json\/wp\/v2\/types\/page"}],"author":[{"embeddable":true,"href":"https:\/\/www.vermessung-zthr.de\/content\/wp-json\/wp\/v2\/users\/1"}],"replies":[{"embeddable":true,"href":"https:\/\/www.vermessung-zthr.de\/content\/wp-json\/wp\/v2\/comments?post=44"}],"version-history":[{"count":16,"href":"https:\/\/www.vermessung-zthr.de\/content\/wp-json\/wp\/v2\/pages\/44\/revisions"}],"predecessor-version":[{"id":384,"href":"https:\/\/www.vermessung-zthr.de\/content\/wp-json\/wp\/v2\/pages\/44\/revisions\/384"}],"wp:attachment":[{"href":"https:\/\/www.vermessung-zthr.de\/content\/wp-json\/wp\/v2\/media?parent=44"}],"curies":[{"name":"wp","href":"https:\/\/api.w.org\/{rel}","templated":true}]}}