{"id":48,"date":"2019-10-31T09:50:58","date_gmt":"2019-10-31T09:50:58","guid":{"rendered":"https:\/\/www.demo.cosmoswp.com\/demo-9\/?page_id=50"},"modified":"2025-11-28T08:34:48","modified_gmt":"2025-11-28T07:34:48","slug":"ueber-uns","status":"publish","type":"page","link":"https:\/\/www.vermessung-zthr.de\/content\/ueber-uns\/","title":{"rendered":"Wir \u00fcber uns"},"content":{"rendered":"\n<div id=\"section-g831fca\" class=\"wp-block-gutentor-e6 section-g831fca gutentor-element gutentor-element-image\"><div class=\"gutentor-element-image-box\"><div class=\"gutentor-bg-image\"><\/div><\/div><\/div>\n\n\n\n<section id=\"gmfb92eea\" class=\"wp-block-gutentor-m4 section-gmfb92eea gutentor-module gutentor-advanced-columns has-image-bg has-custom-bg\"><div class=\"grid-container\"><div class=\"grid-row\">\n<div id=\"col-gm1c9524\" class=\"wp-block-gutentor-m4-col col-gm1c9524 gutentor-single-column  grid-lg-12 grid-md-12 grid-12\"><div id=\"section-gm1c9524\" class=\"section-gm1c9524 gutentor-col-wrap\">\n<div id=\"section-gd8ca14\" class=\"wp-block-gutentor-e1 section-gd8ca14 gutentor-element gutentor-element-advanced-text\"><div class=\"gutentor-text-wrap\"><h2 class=\"gutentor-text\">Erfahrung, Kompetenz, Know-how<\/h2><\/div><\/div>\n\n\n\n<div id=\"section-g6fc5bf\" class=\"wp-block-gutentor-e1 section-g6fc5bf gutentor-element gutentor-element-advanced-text\"><div class=\"gutentor-text-wrap\"><p class=\"gutentor-text\">Das Vermessungsb\u00fcro Hartmann und Ruhe ist ein Zusammenschluss der vorgenannten \u00d6ffentlich bestellten Vermessungsingenieure zu einer Arbeitsgemeinschaft.<\/p><\/div><\/div>\n\n\n\n<div id=\"section-g5cc2e6\" class=\"wp-block-gutentor-e1 section-g5cc2e6 gutentor-element gutentor-element-advanced-text\"><div class=\"gutentor-text-wrap\"><h4 class=\"gutentor-text\">Ihre kompetenten Ansprechpartner in allen Grundst\u00fccks- und Vermessungsangelegenheiten.<\/h4><\/div><\/div>\n\n\n\n<div id=\"section-g68dfe1\" class=\"wp-block-gutentor-e1 section-g68dfe1 gutentor-element gutentor-element-advanced-text\"><div class=\"gutentor-text-wrap\"><p class=\"gutentor-text\">\u00d6ffentlich bestellte Vermessungsingenieure sind vom Land beliehene Personen und befugt, Aufgaben des amtlichen Vermessungswesens nach Ma\u00dfgabe ihrer berufsrechtlichen Regelungen wahrzunehmen. Zu diesen Aufgaben z\u00e4hlen insbesondere die Erstellung von Amtlichen Lagepl\u00e4nen, die Teilung von Grundst\u00fccken, Geb\u00e4udeeinmessung sowie Grenzvermessungen. Desweiteren geh\u00f6ren baubegleitende Vermessungen sowie die Ingenieurvermessung zu seinem Aufgabenspektrum.<\/p><\/div><\/div>\n<\/div><\/div>\n<\/div><\/div><\/section>\n","protected":false},"excerpt":{"rendered":"","protected":false},"author":1,"featured_media":0,"parent":0,"menu_order":0,"comment_status":"closed","ping_status":"closed","template":"template-gutentor-full-width.php","meta":{"footnotes":""},"class_list":["post-48","page","type-page","status-publish","hentry"],"_links":{"self":[{"href":"https:\/\/www.vermessung-zthr.de\/content\/wp-json\/wp\/v2\/pages\/48","targetHints":{"allow":["GET"]}}],"collection":[{"href":"https:\/\/www.vermessung-zthr.de\/content\/wp-json\/wp\/v2\/pages"}],"about":[{"href":"https:\/\/www.vermessung-zthr.de\/content\/wp-json\/wp\/v2\/types\/page"}],"author":[{"embeddable":true,"href":"https:\/\/www.vermessung-zthr.de\/content\/wp-json\/wp\/v2\/users\/1"}],"replies":[{"embeddable":true,"href":"https:\/\/www.vermessung-zthr.de\/content\/wp-json\/wp\/v2\/comments?post=48"}],"version-history":[{"count":10,"href":"https:\/\/www.vermessung-zthr.de\/content\/wp-json\/wp\/v2\/pages\/48\/revisions"}],"predecessor-version":[{"id":376,"href":"https:\/\/www.vermessung-zthr.de\/content\/wp-json\/wp\/v2\/pages\/48\/revisions\/376"}],"wp:attachment":[{"href":"https:\/\/www.vermessung-zthr.de\/content\/wp-json\/wp\/v2\/media?parent=48"}],"curies":[{"name":"wp","href":"https:\/\/api.w.org\/{rel}","templated":true}]}}